{"id":14,"date":"2017-01-12T10:02:29","date_gmt":"2017-01-12T10:02:29","guid":{"rendered":"http:\/\/mikaellaakso.com\/?page_id=14"},"modified":"2026-03-27T08:29:17","modified_gmt":"2026-03-27T06:29:17","slug":"publications","status":"publish","type":"page","link":"https:\/\/mikaellaakso.com\/?page_id=14","title":{"rendered":"Publications"},"content":{"rendered":"<p>I am registered and update records of my publications on <a href=\"https:\/\/scholar.google.com\/citations?user=oVIVldgAAAAJ&amp;hl=en\">Google Scholar<\/a>, <a href=\"https:\/\/www.researchgate.net\/profile\/Mikael_Laakso\">ResearchGate<\/a>, and <a href=\"https:\/\/orcid.org\/0000-0003-3951-7990\">ORCID<\/a>.<\/p>\n<p><strong>Recent preprints<\/strong><\/p>\n<p>Kulczycki, E., Gamboa, J. O. A., Beigel, M. F., Digiampietri, L., Laakso, M., P\u00f6l\u00f6nen, J., \u2026 Cuartas, G. V. (2025, June 11). <strong>Beyond the oligopoly: Scholarly journal publishing landscapes in Latin America and Europe<\/strong>. <a href=\"https:\/\/doi.org\/10.31235\/osf.io\/cm5uz_v1\"><span style=\"color: #339966;\"><span style=\"text-decoration: underline;\">https:\/\/doi.org\/10.31235\/osf.io\/cm5uz_v1<\/span><\/span><\/a><\/p>\n<p><strong>2026<\/strong><\/p>\n<p>Matthias, L., Bazeliuk, N., &amp; Laakso, M. (2026). <strong>Structured content analysis of open access book policies: European university and research funder approaches<\/strong>. <span class=\"ng-binding\"> Science and Public Policy<\/span>. <a href=\"https:\/\/doi.org\/10.1093\/scipol\/scag021\"><span style=\"color: #ff9900;\"><span style=\"text-decoration: underline;\">https:\/\/doi.org\/10.1093\/scipol\/scag021<\/span><\/span><\/a><\/p>\n<p>Nazarovets, M., Laakso, M., &amp; Taskin, Z. (2026). <strong>University journals in the global academic publishing landscape: Mapping over 19,000 diverse titles based on Ulrichsweb data<\/strong>. Scientometrics. <a href=\"https:\/\/doi.org\/10.1007\/s11192-025-05535-4\"><span style=\"text-decoration: underline;\"><span style=\"color: #ff6600; text-decoration: underline;\"><span style=\"color: #ff9900; text-decoration: underline;\">https:\/\/doi.org\/10.1007\/s11192-025-05535-4<\/span><\/span><\/span><\/a><\/p>\n<p><strong>2025<\/strong><\/p>\n<p>Laakso, M., &amp; Ayeni, P. (2025). <strong>Why engage with transformative agreements in scholarly publishing? Analysis of customer and publisher press release statements<\/strong>. Journal of Documentation. In Press. <span style=\"color: #ff9900;\"><a style=\"color: #ff9900;\" href=\"https:\/\/doi.org\/10.1108\/JD-06-2025-0156\">https:\/\/doi.org\/10.1108\/JD-06-2025-0156<\/a><\/span>.<\/p>\n<p>Taskin, Z., P\u00f6l\u00f6nen, J., Kulczycki, E., &amp; Laakso, M. (2025). <strong>Mapping the publisher types and collaborations behind Web of Science indexed journals<\/strong>. Quantiative Science Studies. In Press. <span style=\"color: #339966;\"><a href=\"https:\/\/doi.org\/10.1162\/qss.a.14\"><span style=\"color: #ff9900;\"><span style=\"text-decoration: underline;\">https:\/\/doi.org\/10.1162\/qss.a.14<\/span><\/span><\/a><\/span><\/p>\n<p>Kulczycki, E., P\u00f6l\u00f6nen, J., Laakso, M. &amp; Taskin, Z. (2025). <strong>Learned societies in the academic landscape: challenges in identifying and categorizing organizations<\/strong>&#8216;, <em>Scientometrics<\/em>.<span style=\"color: #ff9900;\"><a style=\"color: #ff9900;\" href=\"https:\/\/doi.org\/10.1007\/s11192-025-05304-3\"> https:\/\/doi.org\/10.1007\/s11192-025-05304-3<\/a><\/span>, <span style=\"text-decoration: underline;\"><span style=\"color: #339966; text-decoration: underline;\">https:\/\/doi.org\/10.31235\/osf.io\/3zgks_v1<\/span><\/span><\/p>\n<p>Bowker, L., Laakso, M., &amp; P\u00f6l\u00f6nen, J. (2025). <strong>Making the case for multilingual scholarly communication<\/strong>. The Canadian Journal of Information and Library Science 48 (1). <span style=\"color: #339966;\"><a style=\"color: #339966;\" href=\"https:\/\/doi.org\/10.5206\/cjils-rcsib.v48i1.22292\"><span style=\"color: #ff9900;\">https:\/\/doi.org\/10.5206\/cjils-rcsib.v48i1.22292<\/span><\/a><\/span><\/p>\n<p>Bowker, L., Laakso, M., &amp; P\u00f6l\u00f6nen, J. (2025). <strong>Breaking the Silence on Linguistic and Gender Bias in Scholarly Publishing: What Can Librarians Do?<\/strong> <em>Information matters<\/em>, <em>5<\/em>(2). <a href=\"https:\/\/informationmatters.org\/2025\/02\/breaking-the-silence-on-linguistic-and-gender-bias-in-scholarly-publishing-what-can-librarians-do\/\"><span style=\"color: #ff6600;\">https:\/\/informationmatters.org\/2025\/02\/breaking-the-silence-on-linguistic-and-gender-bias-in-scholarly-publishing-what-can-librarians-do\/<\/span><\/a><\/p>\n<p><strong>2023<\/strong><\/p>\n<p>Laakso,\u00a0 M. (2023). <strong>Open access books through open data sources: Assessing prevalence, providers, and preservation<\/strong>. Journal of Documentation. In Press. <span style=\"color: #ff6600;\"><a style=\"color: #ff6600;\" href=\"https:\/\/doi.org\/10.1108\/JD-02-2023-0016\">https:\/\/doi.org\/10.1108\/JD-02-2023-0016<\/a><\/span><\/p>\n<p>Boufarss, M., &amp; Laakso, M. (2023). <strong>Open access and international co-authorship: a longitudinal study of the United Arab Emirates research output<\/strong>. Quantitative Science Studies. In Press. <span style=\"color: #ff6600;\"><a style=\"color: #ff6600;\" href=\"https:\/\/doi.org\/10.1162\/qss_a_00256\">https:\/\/doi.org\/10.1162\/qss_a_00256<\/a><\/span><\/p>\n<div id=\"cite-apa\" class=\"tab selected\" tabindex=\"0\" role=\"tabpanel\" aria-labelledby=\"tab-0\" aria-hidden=\"false\">\n<div class=\"rendering rendering_researchoutput  rendering_researchoutput_apa rendering_contributiontojournal rendering_apa rendering_contributiontojournal_apa\">Laakso, M. (2023). <strong>Alignment of Top-Down Policies With Emerging Bottom-Up Practices: A Commentary on \u201c(Why) Are Open Research Practices the Future for the Study of Language Learning?\u201d<\/strong>. Language Learning. In Press. <span style=\"color: #ff6600;\"><a style=\"color: #ff6600;\" href=\"https:\/\/doi.org\/10.1111\/lang.12572\">https:\/\/doi.org\/10.1111\/lang.12572<\/a><\/span><\/div>\n<\/div>\n<p><span class=\"ng-binding\">Laakso, M., &amp; Multas, A-M. (2023).<strong> European scholarly journals from small- and mid-size publishers: Mapping journals and public funding mechanisms<\/strong>. Science and Public Policy. In Press. <span style=\"color: #ff9900;\"><a style=\"color: #ff9900;\" href=\"https:\/\/doi.org\/10.1093\/scipol\/scac081\"><span style=\"color: #ff6600;\">https:\/\/doi.org\/10.1093\/scipol\/scac081<\/span><\/a><\/span><\/span><\/p>\n<p>Jahn, N., Laakso, M., Lazzeri, E., &amp; McQuilton, P. (2023). <strong>Study on the readiness of research data and literature repositories to facilitate compliance with the Open Science Horizon Europe MGA requirements<\/strong>. Expert group report commissioned by the European Research Council Executive Agency (ERCEA). Zenodo.<a href=\"https:\/\/doi.org\/10.5281\/zenodo.7728016\"><span style=\"color: #339966;\"> https:\/\/doi.org\/10.5281\/zenodo.7728016<\/span><\/a><\/p>\n<p><strong>2022<\/strong><\/p>\n<div class=\"gs_citr\" tabindex=\"0\">Rousi, A. M., &amp; Laakso, M. (2022). <strong>Overlay journals: a study of the current landscape<\/strong>. <span style=\"color: #339966;\"><span style=\"color: #000000;\">Journal of Librarianship and Information Science. In Press. <\/span><a style=\"color: #339966;\" href=\"https:\/\/arxiv.org\/abs\/2204.03383\"><span style=\"color: #ff6600; text-decoration: underline;\">https:\/\/doi.org\/10.1177\/09610006221125208.<\/span> <\/a><\/span><\/div>\n<p>Artigas, W., Gungula, E. W., &amp; Laakso, M. (2022).<strong> Open access in Angola: a survey among higher education institutions<\/strong>. Scientometrics, 127, 3977\u20133993 . <span style=\"color: #ff9900;\"><a style=\"color: #ff9900;\" href=\"https:\/\/doi.org\/10.1007\/s11192-022-04410-w\"><span style=\"color: #ff6600;\">https:\/\/doi.org\/10.1007\/s11192-022-04410-w<\/span><\/a><\/span><\/p>\n<p><span class=\"author\">Jahn, N.<\/span>, <span class=\"author\">Matthias, L.<\/span>, &amp; <span class=\"author\">Laakso, M.<\/span> (<span class=\"pubYear\">2022<\/span>). <strong><span class=\"articleTitle\">Toward transparency of hybrid open access through publisher-provided metadata: An article-level study of Elsevier<\/span><\/strong>. Journal of the Association for Information Science and Technology, <span class=\"vol\">73 <\/span>(<span class=\"citedIssue\">1<\/span>), <span class=\"pageFirst\">104<\/span>\u2013 <span class=\"pageLast\">118<\/span>. <span style=\"color: #ff6600;\"><a style=\"color: #ff6600;\" href=\"https:\/\/doi.org\/10.1002\/asi.24549\">https:\/\/doi.org\/10.1002\/asi.24549<\/a><\/span><\/p>\n<div>\n<p>Laakso, M. (2022). <strong>Open Science and Open Access Publishing in Social Sciences.<\/strong> In T. Engels, &amp; E. Kulczycki (Eds.), Handbook on Research Assessment in the Social Sciences (pp. 105-118). Edward Elgar.\u00a0<a href=\"https:\/\/harisportal.hanken.fi\/files\/28189171\/Laakso_2021.pdf\"><span style=\"color: #339966;\"> https:\/\/harisportal.hanken.fi\/files\/28189171\/Laakso_2021.pdf<\/span><\/a><\/p>\n<p>P\u00f6l\u00f6nen, J., &amp; Laakso, M. (2022). <strong>Open access and research assessment in social sciences<\/strong>. In T. Engels, E. Kulczycki, &amp; A. Mickiewicz (Eds.), Handbook on Research Assessment in the Social Sciences (pp. 278-294). Edward Elgar. <a href=\"https:\/\/harisportal.hanken.fi\/files\/28192356\/Po_lo_nen_Laakso_RASS_final_.pdf\"><span style=\"color: #339966;\">https:\/\/harisportal.hanken.fi\/files\/28192356\/Po_lo_nen_Laakso_RASS_final_.pdf<\/span><\/a><\/p>\n<\/div>\n<p><strong>2021<\/strong><\/p>\n<p><span id=\"cls-response\" class=\"cls-response\">Laakso, M., &amp; Bj\u00f6rk, B.-C. (2021). <strong>Open access journal publishing in the business disciplines: a closer look at the low uptake and discipline-specific considerations<\/strong>. Journal of Librarianship and Information Science, 54 (2), 216-229. <a href=\"https:\/\/doi.org\/10.1177\/09610006211006769\"><span style=\"color: #ff6600;\">https:\/\/doi.org\/10.1177\/09610006211006769<\/span><\/a><\/span><\/p>\n<p>Laakso, M., Matthias, L., Jahn, N. (2021). <strong>Open is not forever: a study of vanished open access journals. <\/strong>Journal of the Association for Information Science &amp; Technology. <span class=\"vol\">72<\/span>, <span class=\"pageFirst\">1099<\/span>\u2013 <span class=\"pageLast\">1112<\/span>. <span style=\"color: #ff6600;\"><a style=\"color: #ff6600;\" href=\"https:\/\/doi.org\/10.1002\/ASI.24460\">https:\/\/doi.org\/10.1002\/ASI.24460<\/a><\/span><\/p>\n<p>Laakso, M. (2021). <strong>Study of the Nordic SSH Journal Publishing Landscape: A Report for the Nordic Publications Committee for Humanities and Social Science Periodicals (NOP-HS). <\/strong><a href=\"https:\/\/harisportal.hanken.fi\/files\/28170257\/study_of_the_nordic_ssh_journal_publishing_landscape.pdf\"><span style=\"color: #ff6600;\">https:\/\/harisportal.hanken.fi\/files\/28170257\/study_of_the_nordic_ssh_journal_publishing_landscape.pdf<\/span><\/a><\/p>\n<p><strong>2020<\/strong><\/p>\n<p>P\u00f6l\u00f6nen, J., Laakso, M., Guns, R., Kulczycki, E., &amp; Sivertsen, G. (2020). <strong>Open access at the national level: A comprehensive analysis of publications by Finnish researchers<\/strong>. Quantitative Science Studies, <i>1<\/i>(4), 1396-1428.<span style=\"color: #ff6600;\"><a style=\"color: #ff6600;\" href=\"https:\/\/doi.org\/10.1162\/qss_a_00084\"> https:\/\/doi.org\/10.1162\/qss_a_00084<\/a><\/span><\/p>\n<p>Boufarss, M., Laakso, M. (2020)<strong> Open Sesame?<\/strong>\u00a0<strong>Open access priorities, incentives, and policies among higher education institutions in the United Arab Emirates<\/strong>. Scientometrics. 124, 1553\u20131577. <span style=\"color: #ff6600;\"><a style=\"color: #ff6600;\" href=\"https:\/\/doi.org\/10.1007\/s11192-020-03529-y\">https:\/\/doi.org\/10.1007\/s11192-020-03529-y<\/a><\/span><\/p>\n<p>Rousi, A.M., Laakso, M. (2020). <strong>Journal research data sharing policies: a study of highly-cited journals in neuroscience, physics, and operations research<\/strong>. Scientometrics. 124, 131\u2013152 . <a href=\"https:\/\/doi.org\/10.1007\/s11192-020-03467-9\"><span style=\"color: #ff6600;\">https:\/\/doi.org\/10.1007\/s11192-020-03467-9<\/span><\/a><\/p>\n<p>Holmberg, K., Hedman, J., Bowman, T.D., Didegah, F. &amp; Mikael Laakso\u00a0(2020). <strong>Do articles in open access journals have more frequent altmetric activity than articles in subscription-based journals? An investigation of the research output of Finnish universities.<\/strong> Scientometrics\u00a0122<b>,\u00a0<\/b>645\u2013659. <a href=\"https:\/\/doi.org\/10.1007\/s11192-019-03301-x\"><span style=\"color: #ff9900;\">\u00a0<span style=\"color: #ff6600;\">https:\/\/doi.org\/10.1007\/s11192-019-03301-x<\/span><\/span><\/a><\/p>\n<p><strong>2019<\/strong><\/p>\n<p>Neylon, C., Bels\u00f8, R., Bijsterbosch, M., Cordewener, B., Foncel, J., Friesike, S., Fyfe, A., Jacobs, N., Katerbow, M., Laakso, M. &amp; Sesink, L. (2019).\u00a0<strong>Open Scholarship and the need for collective action<\/strong>. <span style=\"color: #ff6600;\"><a style=\"color: #ff6600;\" href=\"https:\/\/doi.org\/10.5281\/zenodo.3454688\">https:\/\/doi.org\/10.5281\/zenodo.3454688<\/a><\/span><\/p>\n<p>Matthias, L., Jahn, N., &amp; Laakso, M. (2019). <strong>The Two-Way Street of Open Access Journal Publishing: Flip It and Reverse It<\/strong>. Publications, 7(2), 23. <span style=\"color: #ff6600;\"><a style=\"color: #ff6600;\" href=\"https:\/\/doi.org\/10.3390\/publications7020023\">https:\/\/doi.org\/10.3390\/publications7020023<\/a><\/span><\/p>\n<p>Jytil\u00e4, R &amp; Laakso, M (2019). <strong>Selvitys avoimesta vertaisarvioinnista kotimaisen tiedejulkaisemisen kent\u00e4ll\u00e4.<\/strong> Tieteellisten seurain valtuuskunnan verkkojulkaisuja, no. 5, Tieteellisten Seurain Valtuuskunta. <a href=\"https:\/\/doi.org\/10.23847\/978-952-599516-9\"><span style=\"color: #ff6600;\">https:\/\/doi.org\/10.23847\/978-952-599516-9<\/span><\/a><\/p>\n<p>Bailey, J., Laakso, M., &amp; Nyman, L. (2019). <strong>Look Who\u2019s Tracking: An analysis of the 500 websites most-visited by Finnish web users<\/strong>. Informaatiotutkimus, 38(3-4). <a href=\"https:\/\/doi.org\/10.23978\/inf.87841\"><span style=\"color: #ff6600;\">https:\/\/doi.org\/10.23978\/inf.87841<\/span><\/a><\/p>\n<p>Gu\u00e9don, J-C, Jubb, M, Kramer, B, Laakso, M, Schmidt, B, \u0160imukovi\u010d, E, Hansen, J, Kiley, R, Kitson, A, van der Stelt, W, Markram, K &amp; Patterson, M 2019, <strong>Future of scholarly publishing and scholarly communication: Report of the Expert Group to the European Commission<\/strong>. <span style=\"color: #ff6600;\"><a style=\"color: #ff6600;\" href=\"https:\/\/doi.org\/10.2777\/836532\">https:\/\/doi.org\/10.2777\/836532<\/a><\/span><\/p>\n<p>Laakso, M. (2019). <strong>Why we need a public infrastructure for data on open access<\/strong>. Elephant in the Lab. <span style=\"color: #ff6600;\"><a style=\"color: #ff6600;\" href=\"https:\/\/doi.org\/10.5281\/zenodo.2540471\">https:\/\/doi.org\/10.5281\/zenodo.2540471<\/a><\/span><\/p>\n<p>Laakso, M. &amp; Neuman, Y. (2019). <strong>En bit kvar att g\u00e5 f\u00f6r \u00f6ppet tillg\u00e4ngliga forskningsartiklar av filosofer<\/strong>. Filosofisk Tidsskrift 2019 (2). <a href=\"https:\/\/helda.helsinki.fi\/dhanken\/handle\/10227\/242332\"><span style=\"color: #008000;\">https:\/\/helda.helsinki.fi\/dhanken\/handle\/10227\/242332<\/span><\/a><\/p>\n<p><strong>2018<\/strong><\/p>\n<p>Laakso, M.,Polonioli, A. (2018), <strong>Open access in ethics research: an analysis of open access availability and author self-archiving behaviour in light of journal copyright restrictions<\/strong>.\u00a0Scientometrics.<span style=\"color: #ff6600;\"> <a style=\"color: #ff6600;\" href=\"https:\/\/dx.doi.org\/10.1007\/s11192-018-2751-5\">https:\/\/dx.doi.org\/10.1007\/s11192-018-2751-5<\/a><\/span><\/p>\n<p><strong>2017<\/strong><\/p>\n<p>Neuman, Y. &amp; Laakso, M. (2017). <strong>Balancing ideology and feasibility: A case study on adopting and evaluating open access publishing models for a society journal within philosophy<\/strong>. Information Research, 22 (4).\u00a0<a href=\"http:\/\/www.informationr.net\/ir\/22-4\/paper773.html\"><span style=\"color: #ff6600;\">http:\/\/www.informationr.net\/ir\/22-4\/paper773.html<\/span><\/a><\/p>\n<p>Laakso, M., Lindman, J., Shen, C., Nyman, L., &amp; Bj\u00f6rk, B-C. (2017). <strong>Research Output Availability on Academic Social Networks: Implications for Stakeholders in Academic Publishing<\/strong>. Electronic Markets: The International Journal on Networked Business. <a href=\"http:\/\/dx.doi.org\/10.1007\/s12525-016-0242-1\">http:\/\/dx.doi.org\/10.1007\/s12525-016-0242-1<\/a>. <span style=\"color: #339966;\"><a style=\"color: #339966;\" href=\"https:\/\/mikaellaakso.com\/Laakso_et_al_2017_ASN.pdf\">Download accepted manuscript<\/a><\/span>.<\/p>\n<p>Melero, R., Laakso, M., &amp; Navas-Fern\u00e1ndez, M. (2017). <strong>Openness of Spanish scholarly journals as measured by access and rights<\/strong>. Learned Publishing. <a href=\"http:\/\/dx.doi.org\/10.1002\/leap.1095\"><span style=\"color: #000000;\">http:\/\/dx.doi.org\/10.1002\/leap.1095<\/span>.<\/a>\u00a0<a style=\"color: #339966;\" href=\"http:\/\/digital.csic.es\/bitstream\/10261\/142458\/1\/Melero_et_al-preprint.pdf\">Download accepted manuscript<\/a><\/p>\n<p>Laakso, M, Nyman, L &amp; Bj\u00f6rk, B-C (2017). <strong>Rinnakkaistallentamisen edist\u00e4minen organisaatiotasolla: kokemuksia ja p\u00e4\u00e4telmi\u00e4 Hankenin NopSA-hankkeesta<\/strong>. Informaatiotutkimus, 36 (1). <span style=\"color: #ff6600;\"><a style=\"color: #ff6600;\" href=\"http:\/\/dx.doi.org\/10.1002\/leap.1095\">https:\/\/doi.org\/10.23978\/inf.63187<\/a><\/span><\/p>\n<p><strong>2016<\/strong><\/p>\n<p>Laakso, M., Solomon, D. and Bj\u00f6rk, B.-C. (2016). <strong>How subscription-based scholarly journals can convert to open access: A review of approaches<\/strong>. Learned Publishing, 29: 259\u2013269. <span style=\"color: #ff6600;\"><a style=\"color: #ff6600;\" href=\"http:\/\/doi.org\/10.1002\/leap.1056\">http:\/\/doi.org\/10.1002\/leap.1056<\/a><\/span>.<\/p>\n<p>Laakso, M., &amp; Bj\u00f6rk, B-C. (2016). <strong>Hybrid open access\u2014A longitudinal study<\/strong>. Journal of Informetrics, 10(4), 919\u2013932. <span style=\"color: #ff6600;\"><a style=\"color: #ff6600;\" href=\"http:\/\/doi.org\/10.1016\/j.joi.2016.08.002\">http:\/\/doi.org\/10.1016\/j.joi.2016.08.002<\/a><\/span>.<\/p>\n<p>Nyman, L., Laakso, M., (2016) <strong>Notes on the History of Fork and Join<\/strong>. IEEE Annals of the History of Computing, vol. 38, no. 3, pp. 84-87, July-Sept. 2016.\u00a0<a href=\"http:\/\/doi.org\/10.1109\/MAHC.2016.34\">http:\/\/doi.org\/10.1109\/MAHC.2016.34<\/a>.\u00a0<span style=\"color: #339966;\"><a style=\"color: #339966;\" href=\"https:\/\/helda.helsinki.fi\/dhanken\/bitstream\/handle\/123456789\/167488\/Nyman_Laakso_2016.pdf?sequence=1&amp;isAllowed=y\">Download accepted manuscript<\/a><\/span><\/p>\n<p>Laakso, M., &amp; Lindman, J. (2016). <strong>Journal copyright restrictions and actual open access availability: a study of articles published in eight top information systems journals (2010\u20132014)<\/strong>. Scientometrics. <a href=\"http:\/\/doi.org\/10.1007\/s11192-016-2078-z\">http:\/\/doi.org\/10.1007\/s11192-016-2078-z<\/a>.\u00a0<span style=\"color: #339966;\"><a style=\"color: #339966;\" href=\"https:\/\/helda.helsinki.fi\/dhanken\/bitstream\/handle\/10138\/166989\/Laakso_Lindman.pdf?sequence=1\">Download accepted manuscript<\/a><\/span><\/p>\n<p>Bj\u00f6rk B-C, Shen C, Laakso M (2016) <strong>A longitudinal study of independent scholar-published open access journals<\/strong>. PeerJ 4:e1990. <span style=\"color: #ff6600;\"><a style=\"color: #ff6600;\" href=\"https:\/\/doi.org\/10.7717\/peerj.1990\">https:\/\/doi.org\/10.7717\/peerj.1990<\/a><\/span>.<\/p>\n<p>Laakso M, Nyman L (2016) <strong>Exploring the Relationship between Research and BIM Standardization: A Systematic Mapping of Early Studies on the IFC Standard (1997\u20132007)<\/strong>. Buildings 6(1), 7; <span style=\"color: #ff6600;\"><a style=\"color: #ff6600;\" href=\"https:\/\/doi.org\/10.3390\/buildings6010007\">https:\/\/doi.org\/10.3390\/buildings6010007<\/a><\/span>.<\/p>\n<p><strong>2014<\/strong><\/p>\n<p>Laakso M, Nyman L (2014) <strong>Innovation Opportunities: An Overview of Standards and Platforms in the Video Game Industry<\/strong>. <em>Technology Innovation Management Review.<\/em> 4 (7). <span style=\"color: #ff6600;\"><a style=\"color: #ff6600;\" href=\"http:\/\/timreview.ca\/article\/808\">http:\/\/timreview.ca\/article\/808<\/a><\/span><\/p>\n<p>Laakso M (2014). <strong>Green open access policies of scholarly journal publishers: a study of what, when, and where self-archiving is allowed<\/strong>. <em>Scientometrics<\/em>. 99 (2), 475-494<em>. <\/em><a href=\"http:\/\/dx.doi.org\/10.1007\/s11192-013-1205-3\">http:\/\/dx.doi.org\/10.1007\/s11192-013-1205-3<\/a>.\u00a0<span style=\"color: #339966;\"><a style=\"color: #339966;\" href=\"https:\/\/helda.helsinki.fi\/dhanken\/bitstream\/handle\/10138\/157660\/Lakso_2014_Green_OA.pdf?sequence=3\">Download accepted manuscript<\/a><\/span><\/p>\n<p>Bj\u00f6rk B-C, Laakso M, Welling P, Paetau P (2014) <strong>Anatomy of Green Open Access<\/strong>. <em>Journal of the American Society for Information Science and Technology. <\/em>65(2) 237-250 <a href=\"http:\/\/dx.doi.org\/10.1002\/asi.22963\">http:\/\/dx.doi.org\/10.1002\/asi.22963<\/a>.\u00a0<a href=\"https:\/\/helda.helsinki.fi\/dhanken\/bitstream\/handle\/10138\/157659\/Bj_rk_Laakso_Welling_Paetau_2014_Anatomy_of_Green_OA.pdf?sequence=3&amp;isAllowed=y\"><span style=\"color: #339966;\">Download accepted manuscript<\/span><\/a><\/p>\n<p><strong>2013<\/strong><\/p>\n<p>Solomon D J, Laakso M, &amp; Bj\u00f6rk B-C (2013). <strong>A longitudinal comparison of citation rates and growth among open access journals<\/strong>. <em>Journal of Informetrics<\/em>, 7(3), 642\u2013650. <a href=\"http:\/\/dx.doi.org\/10.1016\/j.joi.2013.03.008\">http:\/\/dx.doi.org\/10.1016\/j.joi.2013.03.008<\/a>.\u00a0<a href=\"https:\/\/haris.hanken.fi\/portal\/files\/5955225\/Solomon_Laakso_Bjork_2013.pdf\"><span style=\"color: #339966;\">Download accepted manuscript<\/span><\/a><\/p>\n<p>Laakso M, &amp; Bj\u00f6rk B-C. (2013). <strong>Delayed open access: An overlooked high\u2010impact category of openly available scientific literature<\/strong>. <em>Journal of the American Society for Information Science<\/em>, 64(7), 1323\u20131329. <a href=\"http:\/\/dx.doi.org\/10.1002\/asi.22856\">http:\/\/dx.doi.org\/10.1002\/asi.22856<\/a>.\u00a0<a href=\"https:\/\/helda.helsinki.fi\/dhanken\/bitstream\/handle\/10138\/157658\/Laakso_Bj_rk_2013_Delayed_OA.pdf?sequence=3&amp;isAllowed=y\"><span style=\"color: #339966;\">Download accepted manuscript<\/span><\/a><\/p>\n<p><strong>2012<\/strong><\/p>\n<p>Laakso M, &amp; Bj\u00f6rk B-C (2012) <strong>Anatomy of open access publishing: a study of longitudinal development and internal structure<\/strong>. <em>BMC Medicine<\/em>, 10:124.\u00a0<span style=\"color: #ff6600;\"><a style=\"color: #ff6600;\" href=\"http:\/\/dx.doi.org\/10.1186\/1741-7015-10-124\">http:\/\/dx.doi.org\/10.1186\/1741-7015-10-124<\/a>.<\/span><\/p>\n<p>Laakso M, Kiviniemi A (2012). <strong>The IFC Standard &#8211; A Review Of History, Development, And Standardization<\/strong>. <em>Journal of Information Technology in Construction &#8211; ITcon<\/em>, 17, 134\u2013161. <span style=\"color: #ff6600;\"><a style=\"color: #ff6600;\" href=\"http:\/\/www.itcon.org\/cgi-bin\/works\/Show?2012_9\">http:\/\/www.itcon.org\/cgi-bin\/works\/Show?2012_9<\/a><\/span><\/p>\n<p><strong>2011<\/strong><\/p>\n<p>Laakso M, Welling P, Bukvova H, Nyman L, Bj\u00f6rk B-C, Hedlund T (2011) <strong>The Development of Open Access Journal Publishing from 1993 to 2009<\/strong>. <em>PLoS ONE<\/em>, 6<em> (<\/em>6). <span style=\"color: #ff6600;\"><a style=\"color: #ff6600;\" href=\"http:\/\/dx.doi.org\/10.1371\/journal.pone.0020961\">http:\/\/dx.doi.org\/10.1371\/journal.pone.0020961<\/a><\/span>.<\/p>\n<p><strong>2010<\/strong><\/p>\n<p>Bj\u00f6rk B-C, Welling P, Laakso M, Majlender P, Hedlund T, Gu\u00f0nason G (2010) <strong>Open Access to the Scientific Journal Literature: Situation 2009<\/strong>. <em>PLoS ONE<\/em>, 5 (6). <span style=\"color: #ff6600;\"><a style=\"color: #ff6600;\" href=\"http:\/\/dx.plos.org\/10.1371\/journal.pone.0011273.t003\">http:\/\/dx.plos.org\/10.1371\/journal.pone.0011273.t003<\/a><\/span>.<\/p>\n<p>Bj\u00f6rk B-C, Laakso M (2010) <strong>CAD standardisation in the construction industry &#8211; A process view<\/strong>, <em>Automation in Construction<\/em>, 19 (4). pp. 398-406. <a href=\"http:\/\/dx.doi.org\/10.1016\/j.autcon.2009.11.010\">http:\/\/dx.doi.org\/10.1016\/j.autcon.2009.11.010<\/a>.\u00a0<a href=\"https:\/\/helda.helsinki.fi\/bitstream\/handle\/10227\/550\/AUCOES,%20Bj%3Frk%20%26%20Laakso,%202010.pdf?sequence=3\"><span style=\"color: #339966;\">Download accepted manuscript<\/span><\/a><\/p>\n\n\n<p><\/p>\n\n\n\n<p><\/p>\n","protected":false},"excerpt":{"rendered":"<p>I am registered and update records of my publications on Google Scholar, ResearchGate, and ORCID. Recent preprints Kulczycki, E., Gamboa, J. O. A., Beigel, M.&#8230;<\/p>\n<div class=\"more-link-wrapper\"><a class=\"more-link\" href=\"https:\/\/mikaellaakso.com\/?page_id=14\">Continue reading<span class=\"screen-reader-text\">Publications<\/span><\/a><\/div>\n","protected":false},"author":1,"featured_media":0,"parent":0,"menu_order":0,"comment_status":"closed","ping_status":"closed","template":"","meta":{"footnotes":""},"class_list":["post-14","page","type-page","status-publish","hentry","entry"],"_links":{"self":[{"href":"https:\/\/mikaellaakso.com\/index.php?rest_route=\/wp\/v2\/pages\/14","targetHints":{"allow":["GET"]}}],"collection":[{"href":"https:\/\/mikaellaakso.com\/index.php?rest_route=\/wp\/v2\/pages"}],"about":[{"href":"https:\/\/mikaellaakso.com\/index.php?rest_route=\/wp\/v2\/types\/page"}],"author":[{"embeddable":true,"href":"https:\/\/mikaellaakso.com\/index.php?rest_route=\/wp\/v2\/users\/1"}],"replies":[{"embeddable":true,"href":"https:\/\/mikaellaakso.com\/index.php?rest_route=%2Fwp%2Fv2%2Fcomments&post=14"}],"version-history":[{"count":73,"href":"https:\/\/mikaellaakso.com\/index.php?rest_route=\/wp\/v2\/pages\/14\/revisions"}],"predecessor-version":[{"id":537,"href":"https:\/\/mikaellaakso.com\/index.php?rest_route=\/wp\/v2\/pages\/14\/revisions\/537"}],"wp:attachment":[{"href":"https:\/\/mikaellaakso.com\/index.php?rest_route=%2Fwp%2Fv2%2Fmedia&parent=14"}],"curies":[{"name":"wp","href":"https:\/\/api.w.org\/{rel}","templated":true}]}}